{"id":18,"date":"2025-12-10T23:58:54","date_gmt":"2025-12-10T23:58:54","guid":{"rendered":"https:\/\/powdercoatlinekt.com\/?page_id=18"},"modified":"2025-12-10T23:58:55","modified_gmt":"2025-12-10T23:58:55","slug":"powder-coating-oven-factory","status":"publish","type":"page","link":"https:\/\/powdercoatlinekt.com\/vi\/powder-coating-oven-factory\/","title":{"rendered":"Nh\u00e0 m\u00e1y l\u00f2 s\u1ea5y s\u01a1n b\u1ed9t"},"content":{"rendered":"","protected":false},"excerpt":{"rendered":"","protected":false},"author":1,"featured_media":0,"parent":0,"menu_order":0,"comment_status":"closed","ping_status":"closed","template":"","meta":{"_acf_changed":false,"_zeroy_edited":false,"_zeroy_last_edited":"","footnotes":""},"class_list":["post-18","page","type-page","status-publish","hentry"],"acf":[],"_links":{"self":[{"href":"https:\/\/powdercoatlinekt.com\/vi\/wp-json\/wp\/v2\/pages\/18","targetHints":{"allow":["GET"]}}],"collection":[{"href":"https:\/\/powdercoatlinekt.com\/vi\/wp-json\/wp\/v2\/pages"}],"about":[{"href":"https:\/\/powdercoatlinekt.com\/vi\/wp-json\/wp\/v2\/types\/page"}],"author":[{"embeddable":true,"href":"https:\/\/powdercoatlinekt.com\/vi\/wp-json\/wp\/v2\/users\/1"}],"replies":[{"embeddable":true,"href":"https:\/\/powdercoatlinekt.com\/vi\/wp-json\/wp\/v2\/comments?post=18"}],"version-history":[{"count":1,"href":"https:\/\/powdercoatlinekt.com\/vi\/wp-json\/wp\/v2\/pages\/18\/revisions"}],"predecessor-version":[{"id":19,"href":"https:\/\/powdercoatlinekt.com\/vi\/wp-json\/wp\/v2\/pages\/18\/revisions\/19"}],"wp:attachment":[{"href":"https:\/\/powdercoatlinekt.com\/vi\/wp-json\/wp\/v2\/media?parent=18"}],"curies":[{"name":"wp","href":"https:\/\/api.w.org\/{rel}","templated":true}]}}